{"id":23668,"date":"2020-12-23T19:20:38","date_gmt":"2020-12-23T20:20:38","guid":{"rendered":"https:\/\/www.renatus.es\/?page_id=23668"},"modified":"2022-08-30T08:15:47","modified_gmt":"2022-08-30T08:15:47","slug":"consultancy-and-services","status":"publish","type":"page","link":"https:\/\/www.renatus.es\/en\/consultancy-and-services\/","title":{"rendered":"Consultancy and services"},"content":{"rendered":"<section class=\"l-section wpb_row us_custom_736ab359 height_auto width_full\"><div class=\"l-section-h i-cf\"><div class=\"g-cols vc_row via_grid cols_1 laptops-cols_inherit tablets-cols_inherit mobiles-cols_1 valign_top type_default stacking_default\"><div class=\"wpb_column vc_column_container\"><div class=\"vc_column-inner\"><div class=\"wpb_text_column\"><div class=\"wpb_wrapper\"><h1 style=\"text-align: center;\"><span style=\"color: #ffffff;\"><strong>Consultancy and services<\/strong><\/span><\/h1>\n<\/div><\/div><\/div><\/div><\/div><\/div><\/section><!-- Row Backgrounds --><div class=\"upb_bg_img\" data-ultimate-bg=\"url(https:\/\/www.renatus.es\/wp-content\/uploads\/2021\/01\/0520_feat_agriculture_shutterstock_lead.jpg)\" data-image-id=\"id^23889|url^https:\/\/www.renatus.es\/wp-content\/uploads\/2021\/01\/0520_feat_agriculture_shutterstock_lead.jpg|caption^null|alt^null|title^0520_feat_agriculture_shutterstock_lead|description^null\" data-ultimate-bg-style=\"vcpb-vz-jquery\" data-bg-img-repeat=\"repeat\" data-bg-img-size=\"cover\" data-bg-img-position=\"\" data-parallx_sense=\"30\" data-bg-override=\"0\" data-bg_img_attach=\"scroll\" data-upb-overlay-color=\"\" data-upb-bg-animation=\"\" data-fadeout=\"\" data-bg-animation=\"left-animation\" data-bg-animation-type=\"h\" data-animation-repeat=\"repeat\" data-fadeout-percentage=\"30\" data-parallax-content=\"\" data-parallax-content-sense=\"30\" data-row-effect-mobile-disable=\"true\" data-img-parallax-mobile-disable=\"true\" data-rtl=\"false\"  data-custom-vc-row=\"\"  data-vc=\"6.7.0\"  data-is_old_vc=\"\"  data-theme-support=\"\"   data-overlay=\"false\" data-overlay-color=\"\" data-overlay-pattern=\"\" data-overlay-pattern-opacity=\"\" data-overlay-pattern-size=\"\"    ><\/div><section class=\"l-section wpb_row height_large\"><div class=\"l-section-h i-cf\"><div class=\"g-cols vc_row via_grid cols_1 laptops-cols_inherit tablets-cols_inherit mobiles-cols_1 valign_top type_default stacking_default\"><div class=\"wpb_column vc_column_container\"><div class=\"vc_column-inner\"><div class=\"wpb_text_column\"><div class=\"wpb_wrapper\"><p>RENATUS quiere ayudarte a configurar tu planta de procesado para ello te ofrece todo el asesoramiento que necesites. Te configuramos la planta de procesado en base a tus producciones actuales y futuras, con un modelo de l\u00edneas en las que puedas ir incrementando la capacidad de la planta seg\u00fan aumentan las necesidades.<\/p>\n<p>Disponemos de l\u00edneas de procesado modulables con capacidades que pueden ir desde 10.000 kg de pistacho verde diarios hasta 100.000 kg de pistacho verde por d\u00eda. No olvides que nuestros equipos est\u00e1n dise\u00f1ados de tal forma que las aver\u00edas son f\u00e1ciles de solucionar no requieren personal altamente cualificado.<\/p>\n<p>El principal objetivo de los equipos RENATUS es obtener un pistacho con la m\u00e1xima calidad, que sea competitivo en el mercado internacional.<\/p>\n<p>Te ofrecemos nuestros servicios para:<\/p>\n<p>\u2022 Dimensionamiento de la planta de procesado.<br \/>\n\u2022 Establecer fases de crecimiento seg\u00fan las producciones.<br \/>\n\u2022 Instalaci\u00f3n y puesta en marcha.<\/p>\n<p>Somos conscientes de que actualmente existe una carencia de personal cualificado que sepa manejar una planta de procesado y obtener la m\u00e1xima calidad del pistacho, por este motivo RENATUS te ofrece una asesor\u00eda t\u00e9cnica con la que podr\u00e1s tener los mejores resultados. Esta asesor\u00eda se realiza en base a las necesidades de nuestros clientes y podr\u00e1 incluir:<\/p>\n<p>\u2022 Manuales de funcionamiento de los equipos<br \/>\n\u2022 Configuraci\u00f3n de las l\u00edneas de procesado<br \/>\n\u2022 Manuales de sistema de control de Calidad<br \/>\n\u2022 Control de la trazabilidad<br \/>\n\u2022 Sistema de Muestreo para escandallos<br \/>\n\u2022 Sistema de muestreo para anal\u00edticas<br \/>\n\u2022 Controles de almacenamiento<\/p>\n<p>RENATUS dispone de personal altamente cualificado con amplia experiencia en la puesta en marcha de plantas de procesado.<\/p>\n<p>No olvides que el pistacho es un producto caro y que cualquier error que se cometa tiene un coste elevado, ponte en manos de personas con experiencia que est\u00e9n dispuestas a ayudarte.<\/p>\n<p>Si necesitas esta asesor\u00eda contacta con nosotros<\/p>\n<\/div><\/div><\/div><\/div><\/div><\/div><\/section>\n","protected":false},"excerpt":{"rendered":"Consultancy and services RENATUS quiere ayudarte a configurar tu planta de procesado para ello te ofrece todo el asesoramiento que necesites. Te configuramos la planta de procesado en base a tus producciones actuales y futuras, con un modelo de l\u00edneas en las que puedas ir incrementando la capacidad de la planta seg\u00fan aumentan las necesidades....","protected":false},"author":1,"featured_media":0,"parent":0,"menu_order":0,"comment_status":"closed","ping_status":"closed","template":"","meta":{"footnotes":"","_links_to":"","_links_to_target":""},"class_list":["post-23668","page","type-page","status-publish","hentry"],"_links":{"self":[{"href":"https:\/\/www.renatus.es\/en\/wp-json\/wp\/v2\/pages\/23668"}],"collection":[{"href":"https:\/\/www.renatus.es\/en\/wp-json\/wp\/v2\/pages"}],"about":[{"href":"https:\/\/www.renatus.es\/en\/wp-json\/wp\/v2\/types\/page"}],"author":[{"embeddable":true,"href":"https:\/\/www.renatus.es\/en\/wp-json\/wp\/v2\/users\/1"}],"replies":[{"embeddable":true,"href":"https:\/\/www.renatus.es\/en\/wp-json\/wp\/v2\/comments?post=23668"}],"version-history":[{"count":2,"href":"https:\/\/www.renatus.es\/en\/wp-json\/wp\/v2\/pages\/23668\/revisions"}],"predecessor-version":[{"id":25332,"href":"https:\/\/www.renatus.es\/en\/wp-json\/wp\/v2\/pages\/23668\/revisions\/25332"}],"wp:attachment":[{"href":"https:\/\/www.renatus.es\/en\/wp-json\/wp\/v2\/media?parent=23668"}],"curies":[{"name":"wp","href":"https:\/\/api.w.org\/{rel}","templated":true}]}}